{"id":31022,"date":"2025-02-22T21:10:07","date_gmt":"2025-02-22T18:10:07","guid":{"rendered":"https:\/\/new.minticity.com\/?page_id=31022"},"modified":"2025-12-01T21:56:32","modified_gmt":"2025-12-01T18:56:32","slug":"minticity-demo-anfrage-fuer-schulen","status":"publish","type":"page","link":"https:\/\/global.minticity.com\/uk\/minticity-demo-anfrage-fuer-schulen\/","title":{"rendered":"\u0417\u0430\u043f\u0438\u0442 \u043d\u0430 \u0434\u0435\u043c\u043e MintiCity \u0434\u043b\u044f \u0448\u043a\u0456\u043b"},"content":{"rendered":"<div data-elementor-type=\"wp-page\" data-elementor-id=\"31022\" class=\"elementor elementor-31022\" data-elementor-post-type=\"page\">\n\t\t\t\t\t\t<section class=\"elementor-section elementor-top-section elementor-element elementor-element-e3e6b83 elementor-section-boxed elementor-section-height-default elementor-section-height-default wpr-particle-no wpr-jarallax-no wpr-parallax-no wpr-sticky-section-no\" data-id=\"e3e6b83\" data-element_type=\"section\">\n\t\t\t\t\t\t<div class=\"elementor-container elementor-column-gap-default\">\n\t\t\t\t\t<div class=\"elementor-column elementor-col-100 elementor-top-column elementor-element elementor-element-8811fe3\" data-id=\"8811fe3\" data-element_type=\"column\">\n\t\t\t<div class=\"elementor-widget-wrap elementor-element-populated\">\n\t\t\t\t\t\t<div class=\"elementor-element elementor-element-24eb588 elementor-widget elementor-widget-text-editor\" data-id=\"24eb588\" data-element_type=\"widget\" data-widget_type=\"text-editor.default\">\n\t\t\t\t<div class=\"elementor-widget-container\">\n\t\t\t\t\t\t\t\t\t<h2 data-start=\"1326\" data-end=\"1410\">MintiCity kennenlernen \u2013 P\u00e4dagogische Einf\u00fchrung &amp; Demo + Testzugang f\u00fcr Schulen<\/h2><p data-start=\"1412\" data-end=\"1545\">Sie m\u00f6chten MintiCity an Ihrer Schule kennenlernen und erfahren, wie digitale und analoge Elemente sinnvoll kombiniert werden k\u00f6nnen?<\/p><p data-start=\"1547\" data-end=\"1675\">\u00dcber dieses Formular k\u00f6nnen Sie eine p\u00e4dagogische Online-Einf\u00fchrung f\u00fcr Ihr Kollegium oder Fachteam anfragen.<\/p><p data-start=\"1677\" data-end=\"1895\">In dieser kurzen Online-Session stellt unser Team die wichtigsten Funktionen, didaktischen Grundlagen und Einsatzm\u00f6glichkeiten im DaZ- und DaF-Unterricht vor \u2013 einschlie\u00dflich einer Demo der digitalen Lernplattform.<\/p><p data-start=\"1897\" data-end=\"2090\">Nach dieser Einf\u00fchrung erhalten alle teilnehmenden Lehrkr\u00e4fte einen 14-t\u00e4gigen Testzugang zur MintiCity-Plattform, um das Gelernte selbstst\u00e4ndig im Unterricht auszuprobieren.<\/p><h2><b><span style=\"font-size: 13.5pt;\">Ablauf:<\/span><\/b><\/h2><h3>1\ufe0f\u20e3 Online-Einf\u00fchrung (ca. 45\u201360 Minuten)<\/h3><p>\u2013 Vorstellung der Plattform durch das p\u00e4dagogische Team der DAS Akademie<br data-start=\"2234\" data-end=\"2237\" \/>\u2013 Live-Demo der wichtigsten <a href=\"https:\/\/global.minticity.com\/uk\/funktionen\/\"><strong>\u041c\u043e\u0436\u043b\u0438\u0432\u043e\u0441\u0442\u0456<\/strong><\/a><br data-start=\"2279\" data-end=\"2282\" \/>\u2013 Praktische Einblicke: Lernmodule, Arbeitshefte, Differenzierung, Berichte<br data-start=\"2357\" data-end=\"2360\" \/>\u2013 Austausch und individuelle Fragen<\/p><h3>2\ufe0f\u20e3 14-t\u00e4giger Testzugang (Demo-Version)<\/h3><p>\u2013 Zugriff auf MintiCity f\u00fcr die eigene Schulstufe (Kids, Junior oder Teenage)<br \/>\u2013 M\u00f6glichkeit, die Materialien selbst im Unterricht zu erproben<br \/>\u2013 Technische und p\u00e4dagogische Begleitung durch unser Team<\/p>\t\t\t\t\t\t\t\t<\/div>\n\t\t\t\t<\/div>\n\t\t\t\t\t<\/div>\n\t\t<\/div>\n\t\t\t\t\t<\/div>\n\t\t<\/section>\n\t\t\t\t<section class=\"elementor-section elementor-top-section elementor-element elementor-element-75367b27 elementor-section-boxed elementor-section-height-default elementor-section-height-default wpr-particle-no wpr-jarallax-no wpr-parallax-no wpr-sticky-section-no\" data-id=\"75367b27\" data-element_type=\"section\">\n\t\t\t\t\t\t<div class=\"elementor-container elementor-column-gap-default\">\n\t\t\t\t\t<div class=\"elementor-column elementor-col-100 elementor-top-column elementor-element elementor-element-6cfb82b4\" data-id=\"6cfb82b4\" data-element_type=\"column\">\n\t\t\t<div class=\"elementor-widget-wrap elementor-element-populated\">\n\t\t\t\t\t\t<div class=\"elementor-element elementor-element-4acb3f9a elementor-widget elementor-widget-shortcode\" data-id=\"4acb3f9a\" data-element_type=\"widget\" data-widget_type=\"shortcode.default\">\n\t\t\t\t<div class=\"elementor-widget-container\">\n\t\t\t\t\t\t\t<div class=\"elementor-shortcode\"><div class=\"forminator-ui forminator-custom-form forminator-custom-form-31057 forminator-design--material  forminator_ajax\" data-forminator-render=\"0\" data-form=\"forminator-module-31057\" data-uid=\"69ecc233ae187\"><br\/><\/div><form\n\t\t\t\tid=\"forminator-module-31057\"\n\t\t\t\tclass=\"forminator-ui forminator-custom-form forminator-custom-form-31057 forminator-design--material  forminator_ajax\"\n\t\t\t\tmethod=\"post\"\n\t\t\t\tdata-forminator-render=\"0\"\n\t\t\t\tdata-form-id=\"31057\"\n\t\t\t\t\n\t\t\t\tdata-design=\"material\"\n\t\t\t\tdata-color-option=\"theme\"\n\t\t\t\t\n\t\t\t\t\n\t\t\t\t\n\t\t\t\tdata-grid=\"open\"\n\t\t\t\t\n\t\t\t\t\n\t\t\t\tstyle=\"display: none;\"\n\t\t\t\t\n\t\t\t\tdata-uid=\"69ecc233ae187\" action=\"\"\n\t\t\t><div role=\"alert\" aria-live=\"polite\" class=\"forminator-response-message forminator-error\" aria-hidden=\"true\"><\/div><div class=\"forminator-row\"><div id=\"name-1\" class=\"forminator-field-name forminator-col forminator-col-12\"><div class=\"forminator-row forminator-no-margin\" data-multiple=\"true\"><div class=\"forminator-col forminator-col-md-6\"><div class=\"forminator-field\"><label for=\"forminator-field-first-name-1_69ecc233ae187\" id=\"forminator-field-first-name-1_69ecc233ae187-label\" class=\"forminator-label\">\u2022 Vorname <span class=\"forminator-required\">*<\/span><\/label><input type=\"text\" name=\"name-1-first-name\" placeholder=\"\" id=\"forminator-field-first-name-1_69ecc233ae187\" class=\"forminator-input\" aria-required=\"true\" data-multi=\"1\" value=\"\" \/><\/div><\/div><div class=\"forminator-col forminator-col-md-6\"><div class=\"forminator-field\"><label for=\"forminator-field-last-name-1_69ecc233ae187\" id=\"forminator-field-last-name-1_69ecc233ae187-label\" class=\"forminator-label\">\u2022 Nachname <span class=\"forminator-required\">*<\/span><\/label><input type=\"text\" name=\"name-1-last-name\" placeholder=\"\" id=\"forminator-field-last-name-1_69ecc233ae187\" class=\"forminator-input\" aria-required=\"true\" data-multi=\"1\" value=\"\" \/><\/div><\/div><\/div><\/div><\/div><div class=\"forminator-row\"><div id=\"email-1\" class=\"forminator-field-email forminator-col forminator-col-12\"><div class=\"forminator-field\"><label for=\"forminator-field-email-1_69ecc233ae187\" id=\"forminator-field-email-1_69ecc233ae187-label\" class=\"forminator-label\">\u0415\u043b\u0435\u043a\u0442\u0440\u043e\u043d\u043d\u0430 \u0430\u0434\u0440\u0435\u0441\u0430 <span class=\"forminator-required\">*<\/span><\/label><input type=\"email\" name=\"email-1\" value=\"\" placeholder=\"\" id=\"forminator-field-email-1_69ecc233ae187\" class=\"forminator-input forminator-email--field\" data-required=\"true\" aria-required=\"true\" \/><\/div><\/div><\/div><div class=\"forminator-row\"><div id=\"phone-1\" class=\"forminator-field-phone forminator-col forminator-col-12\"><div class=\"forminator-field\"><label for=\"forminator-field-phone-1_69ecc233ae187\" id=\"forminator-field-phone-1_69ecc233ae187-label\" class=\"forminator-label\">\u2022 Telefonnummer <span class=\"forminator-required\">*<\/span><\/label><input type=\"text\" name=\"phone-1\" value=\"\" placeholder=\"\" id=\"forminator-field-phone-1_69ecc233ae187\" class=\"forminator-input forminator-field--phone\" data-required=\"1\" aria-required=\"true\" autocomplete=\"off\" data-validation=\"1\" \/><\/div><\/div><\/div><div class=\"forminator-row\"><div id=\"text-1\" class=\"forminator-field-text forminator-col forminator-col-6\"><div class=\"forminator-field\"><label for=\"forminator-field-text-1_69ecc233ae187\" id=\"forminator-field-text-1_69ecc233ae187-label\" class=\"forminator-label\">\u0428\u043a\u043e\u043b\u0430 \/ \u0437\u0430\u043a\u043b\u0430\u0434 <span class=\"forminator-required\">*<\/span><\/label><input type=\"text\" name=\"text-1\" value=\"\" placeholder=\"\" id=\"forminator-field-text-1_69ecc233ae187\" class=\"forminator-input forminator-name--field\" data-required=\"1\" \/><\/div><\/div><div id=\"text-2\" class=\"forminator-field-text forminator-col forminator-col-6\"><div class=\"forminator-field\"><label for=\"forminator-field-text-2_69ecc233ae187\" id=\"forminator-field-text-2_69ecc233ae187-label\" class=\"forminator-label\">\u041f\u043e\u0441\u0430\u0434\u0430 <span class=\"forminator-required\">*<\/span><\/label><input type=\"text\" name=\"text-2\" value=\"\" placeholder=\"z. B. Lehrkraft, Fachkoordination, Schulleitung\" id=\"forminator-field-text-2_69ecc233ae187\" class=\"forminator-input forminator-name--field\" data-required=\"1\" \/><\/div><\/div><\/div><div class=\"forminator-row\"><div id=\"textarea-1\" class=\"forminator-field-textarea forminator-col forminator-col-12\"><div class=\"forminator-field\"><label for=\"forminator-field-textarea-1_69ecc233ae187\" id=\"forminator-field-textarea-1_69ecc233ae187-label\" class=\"forminator-label\">\u2022 Ihre Nachricht \/ gew\u00fcnschter Termin f\u00fcr die Einf\u00fchrung<\/label><textarea name=\"textarea-1\" placeholder=\"\" id=\"forminator-field-textarea-1_69ecc233ae187\" class=\"forminator-textarea\" rows=\"6\" style=\"min-height:140px;\" maxlength=\"1000\" ><\/textarea><span id=\"forminator-field-textarea-1_69ecc233ae187-description\" class=\"forminator-description\"><span data-limit=\"1000\" data-type=\"characters\" data-editor=\"\">0 \/ 1000<\/span><\/span><\/div><\/div><\/div><div class=\"forminator-row\"><div id=\"checkbox-1\" class=\"forminator-field-checkbox forminator-col forminator-col-12\"><div role=\"group\" class=\"forminator-field required\" aria-labelledby=\"forminator-checkbox-group-forminator-field-checkbox-1-69ecc233ae187-label\"><label id=\"forminator-field-checkbox-1-1-69ecc233ae187-label\" for=\"forminator-field-checkbox-1-1-69ecc233ae187\" class=\"forminator-checkbox\" title=\"Die Angaben werden ausschlie\u00dflich zur Organisation Ihrer Online-Einf\u00fchrung und zur Vergabe des Testzugangs verwendet. Weitere Informationen finden Sie in unseren Datenschutzhinweisen.\"><input type=\"checkbox\" name=\"checkbox-1[]\" value=\"one\" id=\"forminator-field-checkbox-1-1-69ecc233ae187\" aria-labelledby=\"forminator-field-checkbox-1-1-69ecc233ae187-label\" data-calculation=\"0\"   data-hidden-behavior=\"zero\"\/><span class=\"forminator-checkbox-box\" aria-hidden=\"true\"><\/span><span class=\"forminator-checkbox-label\">Die Angaben werden ausschlie\u00dflich zur Organisation Ihrer Online-Einf\u00fchrung und zur Vergabe des Testzugangs verwendet. Weitere Informationen finden Sie in unseren Datenschutzhinweisen.<\/span><\/label><\/div><\/div><\/div><input type=\"hidden\" name=\"referer_url\" value=\"\" \/><div class=\"forminator-row forminator-row-last\"><div class=\"forminator-col\"><div class=\"forminator-field\"><button class=\"forminator-button forminator-button-submit\"><span>Online-Einf&uuml;hrung anfragen<\/span><span aria-hidden=\"true\"><\/span><\/button><\/div><\/div><\/div><input type=\"hidden\" id=\"forminator_nonce\" name=\"forminator_nonce\" value=\"057abaa9b9\" \/><input type=\"hidden\" name=\"_wp_http_referer\" value=\"\/uk\/wp-json\/wp\/v2\/pages\/31022\" \/><input type=\"hidden\" name=\"form_id\" value=\"31057\"><input type=\"hidden\" name=\"page_id\" value=\"31022\"><input type=\"hidden\" name=\"form_type\" value=\"default\"><input type=\"hidden\" name=\"current_url\" value=\"https:\/\/global.minticity.com\/uk\/minticity-demo-anfrage-fuer-schulen\/\"><input type=\"hidden\" name=\"render_id\" value=\"0\"><input type=\"hidden\" name=\"action\" value=\"forminator_submit_form_custom-forms\"><label for=\"input_8\" class=\"forminator-hidden\" aria-hidden=\"true\">Please do not fill in this field. <input id=\"input_8\" type=\"text\" name=\"input_8\" value=\"\" autocomplete=\"off\"><\/label><input type=\"hidden\" name=\"trp-form-language\" value=\"uk\"\/><\/form><\/div>\n\t\t\t\t\t\t<\/div>\n\t\t\t\t<\/div>\n\t\t\t\t\t<\/div>\n\t\t<\/div>\n\t\t\t\t\t<\/div>\n\t\t<\/section>\n\t\t\t\t<\/div>","protected":false},"excerpt":{"rendered":"<p>MintiCity kennenlernen \u2013 P\u00e4dagogische Einf\u00fchrung &amp; Demo + Testzugang f\u00fcr Schulen Sie m\u00f6chten MintiCity an Ihrer Schule kennenlernen und erfahren, wie digitale und analoge Elemente sinnvoll kombiniert werden k\u00f6nnen? \u00dcber dieses Formular k\u00f6nnen Sie eine p\u00e4dagogische Online-Einf\u00fchrung f\u00fcr Ihr Kollegium oder Fachteam anfragen. In dieser kurzen Online-Session stellt unser Team die wichtigsten Funktionen, didaktischen Grundlagen und Einsatzm\u00f6glichkeiten im DaZ- und DaF-Unterricht vor \u2013 einschlie\u00dflich einer Demo der digitalen Lernplattform. Nach dieser Einf\u00fchrung erhalten alle teilnehmenden Lehrkr\u00e4fte einen 14-t\u00e4gigen Testzugang zur MintiCity-Plattform, um das Gelernte selbstst\u00e4ndig im Unterricht auszuprobieren. Ablauf: 1&#xfe0f;&#x20e3; Online-Einf\u00fchrung (ca. 45\u201360 Minuten) \u2013 Vorstellung der Plattform durch das p\u00e4dagogische Team der DAS Akademie\u2013 Live-Demo der wichtigsten Funktionen\u2013 Praktische Einblicke: Lernmodule, Arbeitshefte, Differenzierung, Berichte\u2013 Austausch und individuelle Fragen 2&#xfe0f;&#x20e3; 14-t\u00e4giger Testzugang (Demo-Version) \u2013 Zugriff auf MintiCity f\u00fcr die eigene Schulstufe (Kids, Junior oder Teenage)\u2013 M\u00f6glichkeit, die Materialien selbst im Unterricht zu erproben\u2013 Technische und p\u00e4dagogische Begleitung durch unser Team<\/p>","protected":false},"author":5,"featured_media":0,"parent":0,"menu_order":0,"comment_status":"closed","ping_status":"closed","template":"elementor_header_footer","meta":{"ocean_post_layout":"","ocean_both_sidebars_style":"","ocean_both_sidebars_content_width":0,"ocean_both_sidebars_sidebars_width":0,"ocean_sidebar":"0","ocean_second_sidebar":"0","ocean_disable_margins":"enable","ocean_add_body_class":"","ocean_shortcode_before_top_bar":"","ocean_shortcode_after_top_bar":"","ocean_shortcode_before_header":"","ocean_shortcode_after_header":"","ocean_has_shortcode":"","ocean_shortcode_after_title":"","ocean_shortcode_before_footer_widgets":"","ocean_shortcode_after_footer_widgets":"","ocean_shortcode_before_footer_bottom":"","ocean_shortcode_after_footer_bottom":"","ocean_display_top_bar":"default","ocean_display_header":"default","ocean_header_style":"","ocean_center_header_left_menu":"0","ocean_custom_header_template":"0","ocean_custom_logo":0,"ocean_custom_retina_logo":0,"ocean_custom_logo_max_width":0,"ocean_custom_logo_tablet_max_width":0,"ocean_custom_logo_mobile_max_width":0,"ocean_custom_logo_max_height":0,"ocean_custom_logo_tablet_max_height":0,"ocean_custom_logo_mobile_max_height":0,"ocean_header_custom_menu":"0","ocean_menu_typo_font_family":"0","ocean_menu_typo_font_subset":"","ocean_menu_typo_font_size":0,"ocean_menu_typo_font_size_tablet":0,"ocean_menu_typo_font_size_mobile":0,"ocean_menu_typo_font_size_unit":"px","ocean_menu_typo_font_weight":"","ocean_menu_typo_font_weight_tablet":"","ocean_menu_typo_font_weight_mobile":"","ocean_menu_typo_transform":"","ocean_menu_typo_transform_tablet":"","ocean_menu_typo_transform_mobile":"","ocean_menu_typo_line_height":0,"ocean_menu_typo_line_height_tablet":0,"ocean_menu_typo_line_height_mobile":0,"ocean_menu_typo_line_height_unit":"","ocean_menu_typo_spacing":0,"ocean_menu_typo_spacing_tablet":0,"ocean_menu_typo_spacing_mobile":0,"ocean_menu_typo_spacing_unit":"","ocean_menu_link_color":"","ocean_menu_link_color_hover":"","ocean_menu_link_color_active":"","ocean_menu_link_background":"","ocean_menu_link_hover_background":"","ocean_menu_link_active_background":"","ocean_menu_social_links_bg":"","ocean_menu_social_hover_links_bg":"","ocean_menu_social_links_color":"","ocean_menu_social_hover_links_color":"","ocean_disable_title":"default","ocean_disable_heading":"default","ocean_post_title":"","ocean_post_subheading":"","ocean_post_title_style":"","ocean_post_title_background_color":"","ocean_post_title_background":0,"ocean_post_title_bg_image_position":"","ocean_post_title_bg_image_attachment":"","ocean_post_title_bg_image_repeat":"","ocean_post_title_bg_image_size":"","ocean_post_title_height":0,"ocean_post_title_bg_overlay":0.5,"ocean_post_title_bg_overlay_color":"","ocean_disable_breadcrumbs":"off","ocean_breadcrumbs_color":"","ocean_breadcrumbs_separator_color":"","ocean_breadcrumbs_links_color":"","ocean_breadcrumbs_links_hover_color":"","ocean_display_footer_widgets":"default","ocean_display_footer_bottom":"default","ocean_custom_footer_template":"0","footnotes":""},"class_list":["post-31022","page","type-page","status-publish","hentry","entry"],"_links":{"self":[{"href":"https:\/\/global.minticity.com\/uk\/wp-json\/wp\/v2\/pages\/31022","targetHints":{"allow":["GET"]}}],"collection":[{"href":"https:\/\/global.minticity.com\/uk\/wp-json\/wp\/v2\/pages"}],"about":[{"href":"https:\/\/global.minticity.com\/uk\/wp-json\/wp\/v2\/types\/page"}],"author":[{"embeddable":true,"href":"https:\/\/global.minticity.com\/uk\/wp-json\/wp\/v2\/users\/5"}],"replies":[{"embeddable":true,"href":"https:\/\/global.minticity.com\/uk\/wp-json\/wp\/v2\/comments?post=31022"}],"version-history":[{"count":34,"href":"https:\/\/global.minticity.com\/uk\/wp-json\/wp\/v2\/pages\/31022\/revisions"}],"predecessor-version":[{"id":33177,"href":"https:\/\/global.minticity.com\/uk\/wp-json\/wp\/v2\/pages\/31022\/revisions\/33177"}],"wp:attachment":[{"href":"https:\/\/global.minticity.com\/uk\/wp-json\/wp\/v2\/media?parent=31022"}],"curies":[{"name":"wp","href":"https:\/\/api.w.org\/{rel}","templated":true}]}}