{"id":33162,"date":"2026-03-30T17:22:38","date_gmt":"2026-03-30T14:22:38","guid":{"rendered":"https:\/\/global.minticity.com\/?page_id=33162"},"modified":"2026-03-30T17:25:58","modified_gmt":"2026-03-30T14:25:58","slug":"barrierefreiheitserklaerung","status":"publish","type":"page","link":"https:\/\/global.minticity.com\/de\/barrierefreiheitserklaerung\/","title":{"rendered":"Barrierefreiheitserkl\u00e4rung"},"content":{"rendered":"\t\t<div data-elementor-type=\"wp-page\" data-elementor-id=\"33162\" class=\"elementor elementor-33162\" data-elementor-post-type=\"page\">\n\t\t\t\t\t\t<section class=\"elementor-section elementor-top-section elementor-element elementor-element-100dea6 elementor-section-boxed elementor-section-height-default elementor-section-height-default wpr-particle-no wpr-jarallax-no wpr-parallax-no wpr-sticky-section-no\" data-id=\"100dea6\" data-element_type=\"section\">\n\t\t\t\t\t\t<div class=\"elementor-container elementor-column-gap-default\">\n\t\t\t\t\t<div class=\"elementor-column elementor-col-100 elementor-top-column elementor-element elementor-element-0ead603\" data-id=\"0ead603\" data-element_type=\"column\">\n\t\t\t<div class=\"elementor-widget-wrap elementor-element-populated\">\n\t\t\t\t\t\t<div class=\"elementor-element elementor-element-19e7a79 elementor-widget elementor-widget-text-editor\" data-id=\"19e7a79\" data-element_type=\"widget\" data-widget_type=\"text-editor.default\">\n\t\t\t\t<div class=\"elementor-widget-container\">\n\t\t\t\t\t\t\t\t\t<h2><strong>Barrierefreiheitserkl\u00e4rung<\/strong><\/h2><p>MintiCity ist bem\u00fcht, seine browserbasierte Lehr- und Lernplattform schrittweise barrierefrei zug\u00e4nglich zu gestalten. Dabei orientieren wir uns an den Anforderungen der Web Content Accessibility Guidelines (WCAG) 2.1, Konformit\u00e4tsstufe AA, sowie am europ\u00e4ischen Standard EN 301 549.<\/p><h2><strong>Stand der Vereinbarkeit mit den Anforderungen<\/strong><\/h2><p>MintiCity ist derzeit teilweise mit den genannten Anforderungen vereinbar.<\/p><p>Bereits umgesetzt sind unter anderem eine klare Struktur, nachvollziehbare Bedienabl\u00e4ufe sowie in weiten Teilen sprachlich m\u00f6glichst verst\u00e4ndliche Inhalte.<\/p><p>Derzeit bestehen in einzelnen Bereichen noch Barrieren. Dazu k\u00f6nnen insbesondere Einschr\u00e4nkungen bei der Nutzung mit Screenreadern, bei der vollst\u00e4ndigen Tastaturbedienung sowie bei der eindeutigen Kennzeichnung einzelner interaktiver Elemente geh\u00f6ren. Wir arbeiten fortlaufend daran, diese Barrieren zu identifizieren, schrittweise abzubauen und die digitale Zug\u00e4nglichkeit weiter zu verbessern.<\/p><p>Wenn Ihnen Barrieren bei der Nutzung von MintiCity auffallen, freuen wir uns \u00fcber Ihre R\u00fcckmeldung:<\/p><p><a href=\"mailto:contact@minticity.de\">contact@minticity.de<\/a><\/p><p>Stand dieser Erkl\u00e4rung: 20.03.2026<\/p>\t\t\t\t\t\t\t\t<\/div>\n\t\t\t\t<\/div>\n\t\t\t\t\t<\/div>\n\t\t<\/div>\n\t\t\t\t\t<\/div>\n\t\t<\/section>\n\t\t\t\t<\/div>\n\t\t","protected":false},"excerpt":{"rendered":"<p>Barrierefreiheitserkl\u00e4rung MintiCity ist bem\u00fcht, seine browserbasierte Lehr- und Lernplattform schrittweise barrierefrei zug\u00e4nglich zu gestalten. Dabei orientieren wir uns an den Anforderungen der Web Content Accessibility Guidelines (WCAG) 2.1, Konformit\u00e4tsstufe AA, sowie am europ\u00e4ischen Standard EN 301 549. Stand der Vereinbarkeit mit den Anforderungen MintiCity ist derzeit teilweise mit den genannten Anforderungen vereinbar. Bereits umgesetzt sind unter anderem eine klare Struktur, nachvollziehbare Bedienabl\u00e4ufe sowie in weiten Teilen sprachlich m\u00f6glichst verst\u00e4ndliche Inhalte. Derzeit bestehen in einzelnen Bereichen noch Barrieren. Dazu k\u00f6nnen insbesondere Einschr\u00e4nkungen bei der Nutzung mit Screenreadern, bei der vollst\u00e4ndigen Tastaturbedienung sowie bei der eindeutigen Kennzeichnung einzelner interaktiver Elemente geh\u00f6ren. Wir arbeiten fortlaufend daran, diese Barrieren zu identifizieren, schrittweise abzubauen und die digitale Zug\u00e4nglichkeit weiter zu verbessern. Wenn Ihnen Barrieren bei der Nutzung von MintiCity auffallen, freuen wir uns \u00fcber Ihre R\u00fcckmeldung: contact@minticity.de Stand dieser Erkl\u00e4rung: 20.03.2026<\/p>\n","protected":false},"author":5,"featured_media":0,"parent":0,"menu_order":0,"comment_status":"closed","ping_status":"closed","template":"","meta":{"ocean_post_layout":"","ocean_both_sidebars_style":"","ocean_both_sidebars_content_width":0,"ocean_both_sidebars_sidebars_width":0,"ocean_sidebar":"0","ocean_second_sidebar":"0","ocean_disable_margins":"enable","ocean_add_body_class":"","ocean_shortcode_before_top_bar":"","ocean_shortcode_after_top_bar":"","ocean_shortcode_before_header":"","ocean_shortcode_after_header":"","ocean_has_shortcode":"","ocean_shortcode_after_title":"","ocean_shortcode_before_footer_widgets":"","ocean_shortcode_after_footer_widgets":"","ocean_shortcode_before_footer_bottom":"","ocean_shortcode_after_footer_bottom":"","ocean_display_top_bar":"default","ocean_display_header":"default","ocean_header_style":"","ocean_center_header_left_menu":"0","ocean_custom_header_template":"0","ocean_custom_logo":0,"ocean_custom_retina_logo":0,"ocean_custom_logo_max_width":0,"ocean_custom_logo_tablet_max_width":0,"ocean_custom_logo_mobile_max_width":0,"ocean_custom_logo_max_height":0,"ocean_custom_logo_tablet_max_height":0,"ocean_custom_logo_mobile_max_height":0,"ocean_header_custom_menu":"0","ocean_menu_typo_font_family":"0","ocean_menu_typo_font_subset":"","ocean_menu_typo_font_size":0,"ocean_menu_typo_font_size_tablet":0,"ocean_menu_typo_font_size_mobile":0,"ocean_menu_typo_font_size_unit":"px","ocean_menu_typo_font_weight":"","ocean_menu_typo_font_weight_tablet":"","ocean_menu_typo_font_weight_mobile":"","ocean_menu_typo_transform":"","ocean_menu_typo_transform_tablet":"","ocean_menu_typo_transform_mobile":"","ocean_menu_typo_line_height":0,"ocean_menu_typo_line_height_tablet":0,"ocean_menu_typo_line_height_mobile":0,"ocean_menu_typo_line_height_unit":"","ocean_menu_typo_spacing":0,"ocean_menu_typo_spacing_tablet":0,"ocean_menu_typo_spacing_mobile":0,"ocean_menu_typo_spacing_unit":"","ocean_menu_link_color":"","ocean_menu_link_color_hover":"","ocean_menu_link_color_active":"","ocean_menu_link_background":"","ocean_menu_link_hover_background":"","ocean_menu_link_active_background":"","ocean_menu_social_links_bg":"","ocean_menu_social_hover_links_bg":"","ocean_menu_social_links_color":"","ocean_menu_social_hover_links_color":"","ocean_disable_title":"default","ocean_disable_heading":"default","ocean_post_title":"","ocean_post_subheading":"","ocean_post_title_style":"","ocean_post_title_background_color":"","ocean_post_title_background":0,"ocean_post_title_bg_image_position":"","ocean_post_title_bg_image_attachment":"","ocean_post_title_bg_image_repeat":"","ocean_post_title_bg_image_size":"","ocean_post_title_height":0,"ocean_post_title_bg_overlay":0.5,"ocean_post_title_bg_overlay_color":"","ocean_disable_breadcrumbs":"off","ocean_breadcrumbs_color":"","ocean_breadcrumbs_separator_color":"","ocean_breadcrumbs_links_color":"","ocean_breadcrumbs_links_hover_color":"","ocean_display_footer_widgets":"default","ocean_display_footer_bottom":"default","ocean_custom_footer_template":"0","footnotes":""},"class_list":["post-33162","page","type-page","status-publish","hentry","entry"],"_links":{"self":[{"href":"https:\/\/global.minticity.com\/de\/wp-json\/wp\/v2\/pages\/33162","targetHints":{"allow":["GET"]}}],"collection":[{"href":"https:\/\/global.minticity.com\/de\/wp-json\/wp\/v2\/pages"}],"about":[{"href":"https:\/\/global.minticity.com\/de\/wp-json\/wp\/v2\/types\/page"}],"author":[{"embeddable":true,"href":"https:\/\/global.minticity.com\/de\/wp-json\/wp\/v2\/users\/5"}],"replies":[{"embeddable":true,"href":"https:\/\/global.minticity.com\/de\/wp-json\/wp\/v2\/comments?post=33162"}],"version-history":[{"count":7,"href":"https:\/\/global.minticity.com\/de\/wp-json\/wp\/v2\/pages\/33162\/revisions"}],"predecessor-version":[{"id":33171,"href":"https:\/\/global.minticity.com\/de\/wp-json\/wp\/v2\/pages\/33162\/revisions\/33171"}],"wp:attachment":[{"href":"https:\/\/global.minticity.com\/de\/wp-json\/wp\/v2\/media?parent=33162"}],"curies":[{"name":"wp","href":"https:\/\/api.w.org\/{rel}","templated":true}]}}