{"id":31064,"date":"2025-02-23T09:56:53","date_gmt":"2025-02-23T06:56:53","guid":{"rendered":"https:\/\/new.minticity.com\/?page_id=31064"},"modified":"2025-12-01T22:13:59","modified_gmt":"2025-12-01T19:13:59","slug":"bedarfsanalyse-deutschfoerderung-schulen","status":"publish","type":"page","link":"https:\/\/global.minticity.com\/de\/bedarfsanalyse-deutschfoerderung-schulen\/","title":{"rendered":"Bedarfsanalyse Deutschf\u00f6rderung f\u00fcr Schulen"},"content":{"rendered":"\t\t<div data-elementor-type=\"wp-page\" data-elementor-id=\"31064\" class=\"elementor elementor-31064\" data-elementor-post-type=\"page\">\n\t\t\t\t\t\t<section class=\"elementor-section elementor-top-section elementor-element elementor-element-27a1d792 elementor-section-content-middle elementor-section-boxed elementor-section-height-default elementor-section-height-default wpr-particle-no wpr-jarallax-no wpr-parallax-no wpr-sticky-section-no\" data-id=\"27a1d792\" data-element_type=\"section\">\n\t\t\t\t\t\t<div class=\"elementor-container elementor-column-gap-no\">\n\t\t\t\t\t<div class=\"elementor-column elementor-col-50 elementor-top-column elementor-element elementor-element-5165bd6f\" data-id=\"5165bd6f\" data-element_type=\"column\">\n\t\t\t<div class=\"elementor-widget-wrap elementor-element-populated\">\n\t\t\t\t\t\t<div class=\"elementor-element elementor-element-186eec52 elementor-widget__width-initial elementor-widget elementor-widget-heading\" data-id=\"186eec52\" data-element_type=\"widget\" data-widget_type=\"heading.default\">\n\t\t\t\t<div class=\"elementor-widget-container\">\n\t\t\t\t\t<h1 class=\"elementor-heading-title elementor-size-default\">Lass uns gemeinsam deine Bed\u00fcrfnisse entdecken.\n\n<\/h1>\t\t\t\t<\/div>\n\t\t\t\t<\/div>\n\t\t\t\t\t<\/div>\n\t\t<\/div>\n\t\t\t\t<div class=\"elementor-column elementor-col-50 elementor-top-column elementor-element elementor-element-5f19e7a4\" data-id=\"5f19e7a4\" data-element_type=\"column\">\n\t\t\t<div class=\"elementor-widget-wrap elementor-element-populated\">\n\t\t\t\t\t\t<div class=\"elementor-element elementor-element-5c126207 elementor-widget__width-initial elementor-widget elementor-widget-text-editor\" data-id=\"5c126207\" data-element_type=\"widget\" data-widget_type=\"text-editor.default\">\n\t\t\t\t<div class=\"elementor-widget-container\">\n\t\t\t\t\t\t\t\t\t<p>Wie wird Deutsch aktuell an Ihrer Schule unterrichtet?<br \/>Mit dieser Bedarfsanalyse m\u00f6chten wir Lehrkr\u00e4ften und Schulleitungen helfen, ihren Sprachf\u00f6rderbedarf einzusch\u00e4tzen und gezielte Unterst\u00fctzung zu planen.<\/p><p>Die Teilnahme ist kostenlos und unverbindlich.<br \/>Unsere p\u00e4dagogischen Fachberaterinnen und Fachberater werten Ihre Angaben aus und senden Ihnen anschlie\u00dfend eine kurze R\u00fcckmeldung mit Anregungen zur Weiterentwicklung Ihres Deutschunterrichts.<\/p><p><strong>Was wird erfasst:<\/strong><\/p><ul><li>Schulstufen, in denen Deutsch unterrichtet wird<\/li><li>Wochenstundenumfang im Fach Deutsch<\/li><li>eingesetzte Materialien und Medien<\/li><li>Zielgruppen (DaZ, DaF, F\u00f6rderklassen etc.)<\/li><li>Herausforderungen &amp; Entwicklungsziele<\/li><\/ul><p>Die Analyse dient ausschlie\u00dflich p\u00e4dagogischen Zwecken \u2013 sie ersetzt keine Evaluation durch Beh\u00f6rden, sondern unterst\u00fctzt Sie intern bei der Weiterentwicklung Ihres Unterrichts.<\/p><p><strong>Ablauf:<\/strong><\/p><p>1\ufe0f\u20e3 Formular ausf\u00fcllen \u2013 dauert ca. 5 Minuten<br \/>2\ufe0f\u20e3 Analyse durch unser p\u00e4dagogisches Team<br \/>3\ufe0f\u20e3 R\u00fcckmeldung mit Empfehlungen \u2013 per E-Mail<\/p><p>Auf Wunsch kann im Anschluss eine kostenlose <strong>Online-Beratung<\/strong> stattfinden,<br \/>um die Ergebnisse gemeinsam zu besprechen und M\u00f6glichkeiten f\u00fcr Blended Learning oder digitale F\u00f6rderung zu zeigen.<\/p><p data-start=\"629\" data-end=\"1854\">Die Bedarfsanalyse der Deutschf\u00f6rderung hilft Schulen dabei, ihren tats\u00e4chlichen F\u00f6rderbedarf strukturiert zu erfassen und zu dokumentieren. Auf Basis der Angaben zu Klassengr\u00f6\u00dfen, Lernst\u00e4nden, Heterogenit\u00e4t und vorhandenen Materialien kann MintiCity eine <strong>p\u00e4dagogische<\/strong> <strong>Empfehlung<\/strong> sowie ein <strong>passendes<\/strong> <strong>Lizenzmodell<\/strong> entwickeln.<\/p><p data-start=\"629\" data-end=\"1854\">F\u00fcr weiterf\u00fchrende Informationen steht unsere <a href=\"https:\/\/global.minticity.com\/de\/preise\/\">Preis\u00fcbersicht <\/a>bereit, in der Sie alle verf\u00fcgbaren Optionen einsehen k\u00f6nnen. Wenn Sie nach der Analyse ein individuelles Angebot w\u00fcnschen, k\u00f6nnen Sie dieses direkt \u00fcber unsere Lizenzanfrage f\u00fcr Schulen\u00a0anfordern.<\/p><p data-start=\"629\" data-end=\"1854\">Schulen, die MintiCity vorab praktisch erleben m\u00f6chten, k\u00f6nnen zudem eine <a class=\"decorated-link cursor-pointer\" href=\"https:\/\/global.minticity.com\/de\/minticity-demo-anfrage-fuer-schulen\/\" target=\"_new\" rel=\"noopener\" data-start=\"1432\" data-end=\"1525\">Demo &amp; p\u00e4dagogische Online-Einf\u00fchrung<\/a> anfragen und anschlie\u00dfend einen Testzugang erhalten. Weitere Antworten rund um Einsatz, Funktionen und Implementierung finden Sie in unserem <a href=\"https:\/\/global.minticity.com\/de\/minticity-faq\/\">FAQ-Bereich.<\/a><\/p><p data-start=\"629\" data-end=\"1854\">So bildet die Bedarfsanalyse den ersten Schritt zu einer zielgerichteten, nachhaltigen und gut begr\u00fcndeten Sprachf\u00f6rderstrategie.<\/p>\t\t\t\t\t\t\t\t<\/div>\n\t\t\t\t<\/div>\n\t\t\t\t\t<\/div>\n\t\t<\/div>\n\t\t\t\t\t<\/div>\n\t\t<\/section>\n\t\t\t\t<section class=\"elementor-section elementor-top-section elementor-element elementor-element-7cbc1987 elementor-section-boxed elementor-section-height-default elementor-section-height-default wpr-particle-no wpr-jarallax-no wpr-parallax-no wpr-sticky-section-no\" data-id=\"7cbc1987\" data-element_type=\"section\">\n\t\t\t\t\t\t<div class=\"elementor-container elementor-column-gap-default\">\n\t\t\t\t\t<div class=\"elementor-column elementor-col-100 elementor-top-column elementor-element elementor-element-425a02d1\" data-id=\"425a02d1\" data-element_type=\"column\">\n\t\t\t<div class=\"elementor-widget-wrap elementor-element-populated\">\n\t\t\t\t\t\t<div class=\"elementor-element elementor-element-ffa1954 elementor-widget elementor-widget-shortcode\" data-id=\"ffa1954\" data-element_type=\"widget\" data-widget_type=\"shortcode.default\">\n\t\t\t\t<div class=\"elementor-widget-container\">\n\t\t\t\t\t\t\t<div class=\"elementor-shortcode\"><div class=\"forminator-ui forminator-custom-form forminator-custom-form-31080 forminator-design--material  forminator_ajax\" data-forminator-render=\"0\" data-form=\"forminator-module-31080\" data-uid=\"69e59db665072\"><br\/><\/div><form\n\t\t\t\tid=\"forminator-module-31080\"\n\t\t\t\tclass=\"forminator-ui forminator-custom-form forminator-custom-form-31080 forminator-design--material  forminator_ajax\"\n\t\t\t\tmethod=\"post\"\n\t\t\t\tdata-forminator-render=\"0\"\n\t\t\t\tdata-form-id=\"31080\"\n\t\t\t\t\n\t\t\t\tdata-design=\"material\"\n\t\t\t\tdata-color-option=\"default\"\n\t\t\t\t\n\t\t\t\t\n\t\t\t\t\n\t\t\t\tdata-grid=\"open\"\n\t\t\t\t\n\t\t\t\t\n\t\t\t\tstyle=\"display: none;\"\n\t\t\t\t\n\t\t\t\tdata-uid=\"69e59db665072\"\n\t\t\t><div role=\"alert\" aria-live=\"polite\" class=\"forminator-response-message forminator-error\" aria-hidden=\"true\"><\/div><div class=\"forminator-row\"><div id=\"name-1\" class=\"forminator-field-name forminator-col forminator-col-12 \"><div class=\"forminator-row forminator-no-margin\" data-multiple=\"true\"><div class=\"forminator-col forminator-col-md-6\"><div class=\"forminator-field\"><label for=\"forminator-field-first-name-1_69e59db665072\" id=\"forminator-field-first-name-1_69e59db665072-label\" class=\"forminator-label\">Vorname <span class=\"forminator-required\">*<\/span><\/label><input type=\"text\" name=\"name-1-first-name\" placeholder=\"\" id=\"forminator-field-first-name-1_69e59db665072\" class=\"forminator-input\" aria-required=\"true\" data-multi=\"1\" value=\"\" \/><\/div><\/div><div class=\"forminator-col forminator-col-md-6\"><div class=\"forminator-field\"><label for=\"forminator-field-last-name-1_69e59db665072\" id=\"forminator-field-last-name-1_69e59db665072-label\" class=\"forminator-label\">Nachname <span class=\"forminator-required\">*<\/span><\/label><input type=\"text\" name=\"name-1-last-name\" placeholder=\"\" id=\"forminator-field-last-name-1_69e59db665072\" class=\"forminator-input\" aria-required=\"true\" data-multi=\"1\" value=\"\" \/><\/div><\/div><\/div><\/div><\/div><div class=\"forminator-row\"><div id=\"email-1\" class=\"forminator-field-email forminator-col forminator-col-6 \"><div class=\"forminator-field\"><label for=\"forminator-field-email-1_69e59db665072\" id=\"forminator-field-email-1_69e59db665072-label\" class=\"forminator-label\">E-Mail-Adresse <span class=\"forminator-required\">*<\/span><\/label><input type=\"email\" name=\"email-1\" value=\"\" placeholder=\"\" id=\"forminator-field-email-1_69e59db665072\" class=\"forminator-input forminator-email--field\" data-required=\"true\" aria-required=\"true\" \/><\/div><\/div><div id=\"phone-1\" class=\"forminator-field-phone forminator-col forminator-col-6 \"><div class=\"forminator-field\"><label for=\"forminator-field-phone-1_69e59db665072\" id=\"forminator-field-phone-1_69e59db665072-label\" class=\"forminator-label\">Telefonnummer <span class=\"forminator-required\">*<\/span><\/label><input type=\"text\" name=\"phone-1\" value=\"\" placeholder=\"\" id=\"forminator-field-phone-1_69e59db665072\" class=\"forminator-input forminator-field--phone\" data-required=\"1\" aria-required=\"true\" autocomplete=\"off\" data-validation=\"1\" \/><\/div><\/div><\/div><div class=\"forminator-row\"><div id=\"text-2\" class=\"forminator-field-text forminator-col forminator-col-6 \"><div class=\"forminator-field\"><label for=\"forminator-field-text-2_69e59db665072\" id=\"forminator-field-text-2_69e59db665072-label\" class=\"forminator-label\">Schule \/ Einrichtung <span class=\"forminator-required\">*<\/span><\/label><input type=\"text\" name=\"text-2\" value=\"\" placeholder=\"\" id=\"forminator-field-text-2_69e59db665072\" class=\"forminator-input forminator-name--field\" data-required=\"1\" \/><\/div><\/div><div id=\"text-3\" class=\"forminator-field-text forminator-col forminator-col-6 \"><div class=\"forminator-field\"><label for=\"forminator-field-text-3_69e59db665072\" id=\"forminator-field-text-3_69e59db665072-label\" class=\"forminator-label\">Funktion <span class=\"forminator-required\">*<\/span><\/label><input type=\"text\" name=\"text-3\" value=\"\" placeholder=\"z. B. Lehrkraft, Fachkoordination, Schulleitung\" id=\"forminator-field-text-3_69e59db665072\" class=\"forminator-input forminator-name--field\" data-required=\"1\" \/><\/div><\/div><\/div><div class=\"forminator-row\"><div id=\"text-1\" class=\"forminator-field-text forminator-col forminator-col-12 \"><div class=\"forminator-field\"><label for=\"forminator-field-text-1_69e59db665072\" id=\"forminator-field-text-1_69e59db665072-label\" class=\"forminator-label\">Land <span class=\"forminator-required\">*<\/span><\/label><input type=\"text\" name=\"text-1\" value=\"\" placeholder=\"\" id=\"forminator-field-text-1_69e59db665072\" class=\"forminator-input forminator-name--field\" data-required=\"1\" \/><\/div><\/div><\/div><div class=\"forminator-row\"><div id=\"textarea-3\" class=\"forminator-field-textarea forminator-col forminator-col-12 \"><div class=\"forminator-field\"><label for=\"forminator-field-textarea-3_69e59db665072\" id=\"forminator-field-textarea-3_69e59db665072-label\" class=\"forminator-label\">Unterrichtsstufen mit Deutschunterricht<\/label><textarea name=\"textarea-3\" placeholder=\"z. B. Vorschule, Klasse 1\u20134, Sekundarstufe I\/II\" id=\"forminator-field-textarea-3_69e59db665072\" class=\"forminator-textarea\" rows=\"6\" style=\"min-height:140px;\" ><\/textarea><\/div><\/div><\/div><div class=\"forminator-row\"><div id=\"textarea-4\" class=\"forminator-field-textarea forminator-col forminator-col-12 \"><div class=\"forminator-field\"><label for=\"forminator-field-textarea-4_69e59db665072\" id=\"forminator-field-textarea-4_69e59db665072-label\" class=\"forminator-label\">Durchschnittliche Wochenstunden Deutsch als Zweitsprache<\/label><textarea name=\"textarea-4\" placeholder=\"\" id=\"forminator-field-textarea-4_69e59db665072\" class=\"forminator-textarea\" rows=\"6\" style=\"min-height:140px;\" ><\/textarea><\/div><\/div><\/div><div class=\"forminator-row\"><div id=\"textarea-2\" class=\"forminator-field-textarea forminator-col forminator-col-12 \"><div class=\"forminator-field\"><label for=\"forminator-field-textarea-2_69e59db665072\" id=\"forminator-field-textarea-2_69e59db665072-label\" class=\"forminator-label\">Verwendete Unterrichtsmaterialien \/ Lehrwerke<\/label><textarea name=\"textarea-2\" placeholder=\"\" id=\"forminator-field-textarea-2_69e59db665072\" class=\"forminator-textarea\" rows=\"6\" style=\"min-height:140px;\" aria-describedby=\"forminator-field-textarea-2_69e59db665072-description\" ><\/textarea><span id=\"forminator-field-textarea-2_69e59db665072-description\" class=\"forminator-description\">L\u00fctfen materyal ad\u0131, yay\u0131nevi, hangi s\u0131n\u0131flarda kulland\u0131\u011f\u0131n\u0131 ayr\u0131 ayr\u0131 belirtiniz.<\/span><\/div><\/div><\/div><div class=\"forminator-row\"><div id=\"textarea-1\" class=\"forminator-field-textarea forminator-col forminator-col-12 \"><div class=\"forminator-field\"><label for=\"forminator-field-textarea-1_69e59db665072\" id=\"forminator-field-textarea-1_69e59db665072-label\" class=\"forminator-label\">Erg\u00e4nzende Hinweise<\/label><textarea name=\"textarea-1\" placeholder=\"z. B. F\u00f6rderbedarf, Heterogenit\u00e4t, besondere Herausforderungen\" id=\"forminator-field-textarea-1_69e59db665072\" class=\"forminator-textarea\" rows=\"6\" style=\"min-height:140px;\" maxlength=\"1000\" ><\/textarea><span id=\"forminator-field-textarea-1_69e59db665072-description\" class=\"forminator-description\"><span data-limit=\"1000\" data-type=\"characters\" data-editor=\"\">0 \/ 1000<\/span><\/span><\/div><\/div><\/div><div class=\"forminator-row\"><div id=\"consent-1\" class=\"forminator-field-consent forminator-col forminator-col-12 \"><div class=\"forminator-field\"><label for=\"forminator-field-consent-1_69e59db665072\" id=\"forminator-field-consent-1_69e59db665072-label\" class=\"forminator-label\">CONSENT <span class=\"forminator-required\">*<\/span><\/label><div class=\"forminator-checkbox__wrapper\"><label id=\"forminator-field-consent-1_69e59db665072__label\" class=\"forminator-checkbox forminator-consent\" aria-labelledby=\"forminator-field-consent-1_69e59db665072-label\" aria-hidden=\"true\"><input type=\"checkbox\" name=\"consent-1\" id=\"forminator-field-consent-1_69e59db665072\" value=\"checked\" aria-labelledby=\"forminator-field-consent-1_69e59db665072-label\" aria-describedby=\"forminator-field-consent-1_69e59db665072__description\" data-required=\"true\" aria-required=\"true\" \/><span class=\"forminator-checkbox-box\" aria-hidden=\"true\"><\/span><\/label><div id=\"forminator-field-consent-1_69e59db665072__description\" class=\"forminator-checkbox__label forminator-consent__label\"><p>Zustimmung zu den Datenschutzhinweisen<\/p>\n<p>&nbsp;<\/p><\/div><\/div><\/div><\/div><\/div><input type=\"hidden\" name=\"referer_url\" value=\"\" \/><div class=\"forminator-row forminator-row-last\"><div class=\"forminator-col\"><div class=\"forminator-field\"><button class=\"forminator-button forminator-button-submit\"><span>Bedarfsanalyse absenden<\/span><span aria-hidden=\"true\"><\/span><\/button><\/div><\/div><\/div><input type=\"hidden\" id=\"forminator_nonce\" name=\"forminator_nonce\" value=\"dba4847a09\" \/><input type=\"hidden\" name=\"_wp_http_referer\" value=\"\/de\/wp-json\/wp\/v2\/pages\/31064\" \/><input type=\"hidden\" name=\"form_id\" value=\"31080\"><input type=\"hidden\" name=\"page_id\" value=\"31064\"><input type=\"hidden\" name=\"form_type\" value=\"default\"><input type=\"hidden\" name=\"current_url\" value=\"https:\/\/global.minticity.com\/de\/bedarfsanalyse-deutschfoerderung-schulen\/\"><input type=\"hidden\" name=\"render_id\" value=\"0\"><input type=\"hidden\" name=\"action\" value=\"forminator_submit_form_custom-forms\"><\/form><\/div>\n\t\t\t\t\t\t<\/div>\n\t\t\t\t<\/div>\n\t\t\t\t\t<\/div>\n\t\t<\/div>\n\t\t\t\t\t<\/div>\n\t\t<\/section>\n\t\t\t\t<\/div>\n\t\t","protected":false},"excerpt":{"rendered":"<p>Bedarfsanalyse Deutschf\u00f6rderung-Schul-Evaluationsbogen Wie wird Deutsch aktuell an Ihrer Schule unterrichtet? Mit dieser Bedarfsanalyse m\u00f6chten wir Lehrkr\u00e4ften und Schulleitungen helfen, ihren Sprachf\u00f6rderbedarf einzusch\u00e4tzen und gezielte Unterst\u00fctzung zu planen. Die Teilnahme ist kostenlos und unverbindlich. Unsere p\u00e4dagogischen Fachberaterinnen und Fachberater werten Ihre Angaben aus und senden Ihnen anschlie\u00dfend eine kurze R\u00fcckmeldung mit Anregungen zur Weiterentwicklung Ihres Deutschunterrichts. Was wird erfasst: Schulstufen, in denen Deutsch unterrichtet wird Wochenstundenumfang im Fach Deutsch eingesetzte Materialien und Medien Zielgruppen (DaZ, DaF, F\u00f6rderklassen etc.) Herausforderungen &amp; Entwicklungsziele Die Analyse dient ausschlie\u00dflich p\u00e4dagogischen Zwecken \u2013 sie ersetzt keine Evaluation durch Beh\u00f6rden, sondern unterst\u00fctzt Sie intern bei der Weiterentwicklung Ihres Unterrichts. Ablauf: 1&#xfe0f;&#x20e3; Formular ausf\u00fcllen \u2013 dauert ca. 5 Minuten 2&#xfe0f;&#x20e3; Analyse durch unser p\u00e4dagogisches Team 3&#xfe0f;&#x20e3; R\u00fcckmeldung mit Empfehlungen \u2013 per E-Mail Auf Wunsch kann im Anschluss eine kostenlose Online-Beratung stattfinden, um die Ergebnisse gemeinsam zu besprechen und M\u00f6glichkeiten f\u00fcr Blended Learning oder digitale F\u00f6rderung zu zeigen.<\/p>\n","protected":false},"author":5,"featured_media":0,"parent":0,"menu_order":0,"comment_status":"closed","ping_status":"closed","template":"elementor_header_footer","meta":{"ocean_post_layout":"","ocean_both_sidebars_style":"","ocean_both_sidebars_content_width":0,"ocean_both_sidebars_sidebars_width":0,"ocean_sidebar":"0","ocean_second_sidebar":"0","ocean_disable_margins":"enable","ocean_add_body_class":"","ocean_shortcode_before_top_bar":"","ocean_shortcode_after_top_bar":"","ocean_shortcode_before_header":"","ocean_shortcode_after_header":"","ocean_has_shortcode":"","ocean_shortcode_after_title":"","ocean_shortcode_before_footer_widgets":"","ocean_shortcode_after_footer_widgets":"","ocean_shortcode_before_footer_bottom":"","ocean_shortcode_after_footer_bottom":"","ocean_display_top_bar":"default","ocean_display_header":"default","ocean_header_style":"","ocean_center_header_left_menu":"0","ocean_custom_header_template":"0","ocean_custom_logo":0,"ocean_custom_retina_logo":0,"ocean_custom_logo_max_width":0,"ocean_custom_logo_tablet_max_width":0,"ocean_custom_logo_mobile_max_width":0,"ocean_custom_logo_max_height":0,"ocean_custom_logo_tablet_max_height":0,"ocean_custom_logo_mobile_max_height":0,"ocean_header_custom_menu":"0","ocean_menu_typo_font_family":"0","ocean_menu_typo_font_subset":"","ocean_menu_typo_font_size":0,"ocean_menu_typo_font_size_tablet":0,"ocean_menu_typo_font_size_mobile":0,"ocean_menu_typo_font_size_unit":"px","ocean_menu_typo_font_weight":"","ocean_menu_typo_font_weight_tablet":"","ocean_menu_typo_font_weight_mobile":"","ocean_menu_typo_transform":"","ocean_menu_typo_transform_tablet":"","ocean_menu_typo_transform_mobile":"","ocean_menu_typo_line_height":0,"ocean_menu_typo_line_height_tablet":0,"ocean_menu_typo_line_height_mobile":0,"ocean_menu_typo_line_height_unit":"","ocean_menu_typo_spacing":0,"ocean_menu_typo_spacing_tablet":0,"ocean_menu_typo_spacing_mobile":0,"ocean_menu_typo_spacing_unit":"","ocean_menu_link_color":"","ocean_menu_link_color_hover":"","ocean_menu_link_color_active":"","ocean_menu_link_background":"","ocean_menu_link_hover_background":"","ocean_menu_link_active_background":"","ocean_menu_social_links_bg":"","ocean_menu_social_hover_links_bg":"","ocean_menu_social_links_color":"","ocean_menu_social_hover_links_color":"","ocean_disable_title":"default","ocean_disable_heading":"default","ocean_post_title":"","ocean_post_subheading":"","ocean_post_title_style":"","ocean_post_title_background_color":"","ocean_post_title_background":0,"ocean_post_title_bg_image_position":"","ocean_post_title_bg_image_attachment":"","ocean_post_title_bg_image_repeat":"","ocean_post_title_bg_image_size":"","ocean_post_title_height":0,"ocean_post_title_bg_overlay":0.5,"ocean_post_title_bg_overlay_color":"","ocean_disable_breadcrumbs":"off","ocean_breadcrumbs_color":"","ocean_breadcrumbs_separator_color":"","ocean_breadcrumbs_links_color":"","ocean_breadcrumbs_links_hover_color":"","ocean_display_footer_widgets":"default","ocean_display_footer_bottom":"default","ocean_custom_footer_template":"0","footnotes":""},"class_list":["post-31064","page","type-page","status-publish","hentry","entry"],"_links":{"self":[{"href":"https:\/\/global.minticity.com\/de\/wp-json\/wp\/v2\/pages\/31064","targetHints":{"allow":["GET"]}}],"collection":[{"href":"https:\/\/global.minticity.com\/de\/wp-json\/wp\/v2\/pages"}],"about":[{"href":"https:\/\/global.minticity.com\/de\/wp-json\/wp\/v2\/types\/page"}],"author":[{"embeddable":true,"href":"https:\/\/global.minticity.com\/de\/wp-json\/wp\/v2\/users\/5"}],"replies":[{"embeddable":true,"href":"https:\/\/global.minticity.com\/de\/wp-json\/wp\/v2\/comments?post=31064"}],"version-history":[{"count":76,"href":"https:\/\/global.minticity.com\/de\/wp-json\/wp\/v2\/pages\/31064\/revisions"}],"predecessor-version":[{"id":32842,"href":"https:\/\/global.minticity.com\/de\/wp-json\/wp\/v2\/pages\/31064\/revisions\/32842"}],"wp:attachment":[{"href":"https:\/\/global.minticity.com\/de\/wp-json\/wp\/v2\/media?parent=31064"}],"curies":[{"name":"wp","href":"https:\/\/api.w.org\/{rel}","templated":true}]}}