{"id":31028,"date":"2025-02-22T21:27:32","date_gmt":"2025-02-22T18:27:32","guid":{"rendered":"https:\/\/new.minticity.com\/?page_id=31028"},"modified":"2025-12-01T15:24:02","modified_gmt":"2025-12-01T12:24:02","slug":"angebotsanfrage-fuer-schulen-minticity-lizenzmodell","status":"publish","type":"page","link":"https:\/\/global.minticity.com\/de\/angebotsanfrage-fuer-schulen-minticity-lizenzmodell\/","title":{"rendered":"Angebotsanfrage f\u00fcr Schulen \u2013 Lizenzmodell"},"content":{"rendered":"\t\t<div data-elementor-type=\"wp-page\" data-elementor-id=\"31028\" class=\"elementor elementor-31028\" data-elementor-post-type=\"page\">\n\t\t\t\t\t\t<section class=\"elementor-section elementor-top-section elementor-element elementor-element-100dea6 elementor-section-boxed elementor-section-height-default elementor-section-height-default wpr-particle-no wpr-jarallax-no wpr-parallax-no wpr-sticky-section-no\" data-id=\"100dea6\" data-element_type=\"section\">\n\t\t\t\t\t\t<div class=\"elementor-container elementor-column-gap-default\">\n\t\t\t\t\t<div class=\"elementor-column elementor-col-100 elementor-top-column elementor-element elementor-element-0ead603\" data-id=\"0ead603\" data-element_type=\"column\">\n\t\t\t<div class=\"elementor-widget-wrap elementor-element-populated\">\n\t\t\t\t\t\t<div class=\"elementor-element elementor-element-19e7a79 elementor-widget elementor-widget-text-editor\" data-id=\"19e7a79\" data-element_type=\"widget\" data-widget_type=\"text-editor.default\">\n\t\t\t\t<div class=\"elementor-widget-container\">\n\t\t\t\t\t\t\t\t\t<p style=\"font-weight: 400;\">Ihre Schule hat bereits an einer <strong>MintiCity-Einf\u00fchrung<\/strong> teilgenommen oder die Plattform \u00fcber einen Testzugang kennengelernt?<br data-start=\"1392\" data-end=\"1395\" \/>Dann k\u00f6nnen Sie \u00fcber dieses Formular ein individuell abgestimmtes Lizenzmodell und Angebot anfordern.<\/p><p>\ud83d\udd39 Noch keine Einf\u00fchrung oder Testphase durchgef\u00fchrt?<br \/>\u2192 <a href=\"https:\/\/global.minticity.com\/de\/minticity-demo-anfrage-fuer-schulen\/\"><u>Hier klicken, um eine Online-Einf\u00fchrung und einen Testzugang anzufragen.<\/u><\/a><\/p><p><strong>Wie wir arbeiten:<\/strong><\/p><p>1\ufe0f\u20e3 Bedarfsanalyse<br \/>Gemeinsam erfassen wir Ihre schulischen Rahmenbedingungen \u2013 etwa Altersgruppen, Lernendenzahlen, Stundenumfang und bisherige Materialien.<\/p><p>2\ufe0f\u20e3 P\u00e4dagogische Empfehlung<br \/>Auf Basis dieser Daten entwickeln wir ein ma\u00dfgeschneidertes Lizenzmodell mit der optimalen Kombination aus digitalen Modulen, Arbeitsheften und Lehrerbegleitung.<\/p><p>3\ufe0f\u20e3 Lizenzangebot &amp; Einf\u00fchrung<br \/>Sie erhalten ein transparentes Angebot mit einem individuell abgestimmten Lizenzmodell, das alle Leistungen umfasst: Plattformzugang, Fortbildung, p\u00e4dagogische Begleitung und technischen Support.<\/p><p>Warum eine p\u00e4dagogische Angebotsberatung?<\/p><p>Jede Schule arbeitet unter anderen Bedingungen.<br \/>Damit MintiCity bestm\u00f6glich in Ihre Schulrealit\u00e4t passt, ber\u00fccksichtigen wir:<\/p><ul style=\"font-weight: 400;\"><li>Klassengr\u00f6\u00dfen und Heterogenit\u00e4t<\/li><li>Sprachf\u00f6rderbedarf (DaZ \/ DaF)<\/li><li>technische Ausstattung<\/li><li>gew\u00fcnschte Begleitung und Schulung<\/li><\/ul><p style=\"font-weight: 400;\">So entsteht ein realistischer, nachhaltiger Einsatzplan \u2013 abgestimmt auf Ihr Kollegium und Ihre Lernenden.<\/p>\t\t\t\t\t\t\t\t<\/div>\n\t\t\t\t<\/div>\n\t\t\t\t\t<\/div>\n\t\t<\/div>\n\t\t\t\t\t<\/div>\n\t\t<\/section>\n\t\t\t\t<section class=\"elementor-section elementor-top-section elementor-element elementor-element-21d43375 elementor-section-boxed elementor-section-height-default elementor-section-height-default wpr-particle-no wpr-jarallax-no wpr-parallax-no wpr-sticky-section-no\" data-id=\"21d43375\" data-element_type=\"section\">\n\t\t\t\t\t\t<div class=\"elementor-container elementor-column-gap-default\">\n\t\t\t\t\t<div class=\"elementor-column elementor-col-100 elementor-top-column elementor-element elementor-element-65d150bd\" data-id=\"65d150bd\" data-element_type=\"column\">\n\t\t\t<div class=\"elementor-widget-wrap elementor-element-populated\">\n\t\t\t\t\t\t<div class=\"elementor-element elementor-element-72448929 elementor-widget elementor-widget-shortcode\" data-id=\"72448929\" data-element_type=\"widget\" data-widget_type=\"shortcode.default\">\n\t\t\t\t<div class=\"elementor-widget-container\">\n\t\t\t\t\t\t\t<div class=\"elementor-shortcode\"><div class=\"forminator-ui forminator-custom-form forminator-custom-form-31043 forminator-design--material  forminator_ajax\" data-forminator-render=\"0\" data-form=\"forminator-module-31043\" data-uid=\"69f0c6e8b4e5b\"><br\/><\/div><form\n\t\t\t\tid=\"forminator-module-31043\"\n\t\t\t\tclass=\"forminator-ui forminator-custom-form forminator-custom-form-31043 forminator-design--material  forminator_ajax\"\n\t\t\t\tmethod=\"post\"\n\t\t\t\tdata-forminator-render=\"0\"\n\t\t\t\tdata-form-id=\"31043\"\n\t\t\t\t\n\t\t\t\tdata-design=\"material\"\n\t\t\t\tdata-color-option=\"default\"\n\t\t\t\t\n\t\t\t\t\n\t\t\t\t\n\t\t\t\tdata-grid=\"open\"\n\t\t\t\t\n\t\t\t\t\n\t\t\t\tstyle=\"display: none;\"\n\t\t\t\t\n\t\t\t\tdata-uid=\"69f0c6e8b4e5b\"\n\t\t\t><div role=\"alert\" aria-live=\"polite\" class=\"forminator-response-message forminator-error\" aria-hidden=\"true\"><\/div><div class=\"forminator-row\"><div id=\"name-1\" class=\"forminator-field-name forminator-col forminator-col-12 \"><div class=\"forminator-row forminator-no-margin\" data-multiple=\"true\"><div class=\"forminator-col forminator-col-md-6\"><div class=\"forminator-field\"><label for=\"forminator-field-first-name-1_69f0c6e8b4e5b\" id=\"forminator-field-first-name-1_69f0c6e8b4e5b-label\" class=\"forminator-label\">Vorname <span class=\"forminator-required\">*<\/span><\/label><input type=\"text\" name=\"name-1-first-name\" placeholder=\"\" id=\"forminator-field-first-name-1_69f0c6e8b4e5b\" class=\"forminator-input\" aria-required=\"true\" data-multi=\"1\" value=\"\" \/><\/div><\/div><div class=\"forminator-col forminator-col-md-6\"><div class=\"forminator-field\"><label for=\"forminator-field-last-name-1_69f0c6e8b4e5b\" id=\"forminator-field-last-name-1_69f0c6e8b4e5b-label\" class=\"forminator-label\">Nachname <span class=\"forminator-required\">*<\/span><\/label><input type=\"text\" name=\"name-1-last-name\" placeholder=\"\" id=\"forminator-field-last-name-1_69f0c6e8b4e5b\" class=\"forminator-input\" aria-required=\"true\" data-multi=\"1\" value=\"\" \/><\/div><\/div><\/div><\/div><\/div><div class=\"forminator-row\"><div id=\"email-1\" class=\"forminator-field-email forminator-col forminator-col-6 \"><div class=\"forminator-field\"><label for=\"forminator-field-email-1_69f0c6e8b4e5b\" id=\"forminator-field-email-1_69f0c6e8b4e5b-label\" class=\"forminator-label\">E-Mail-Adresse <span class=\"forminator-required\">*<\/span><\/label><input type=\"email\" name=\"email-1\" value=\"\" placeholder=\"\" id=\"forminator-field-email-1_69f0c6e8b4e5b\" class=\"forminator-input forminator-email--field\" data-required=\"true\" aria-required=\"true\" \/><\/div><\/div><div id=\"phone-1\" class=\"forminator-field-phone forminator-col forminator-col-6 \"><div class=\"forminator-field\"><label for=\"forminator-field-phone-1_69f0c6e8b4e5b\" id=\"forminator-field-phone-1_69f0c6e8b4e5b-label\" class=\"forminator-label\">Telefonnummer <span class=\"forminator-required\">*<\/span><\/label><input type=\"text\" name=\"phone-1\" value=\"\" placeholder=\"\" id=\"forminator-field-phone-1_69f0c6e8b4e5b\" class=\"forminator-input forminator-field--phone\" data-required=\"1\" aria-required=\"true\" autocomplete=\"off\" data-validation=\"1\" \/><\/div><\/div><\/div><div class=\"forminator-row\"><div id=\"text-2\" class=\"forminator-field-text forminator-col forminator-col-6 \"><div class=\"forminator-field\"><label for=\"forminator-field-text-2_69f0c6e8b4e5b\" id=\"forminator-field-text-2_69f0c6e8b4e5b-label\" class=\"forminator-label\">Schule \/ Einrichtung <span class=\"forminator-required\">*<\/span><\/label><input type=\"text\" name=\"text-2\" value=\"\" placeholder=\"\" id=\"forminator-field-text-2_69f0c6e8b4e5b\" class=\"forminator-input forminator-name--field\" data-required=\"1\" \/><\/div><\/div><div id=\"text-3\" class=\"forminator-field-text forminator-col forminator-col-6 \"><div class=\"forminator-field\"><label for=\"forminator-field-text-3_69f0c6e8b4e5b\" id=\"forminator-field-text-3_69f0c6e8b4e5b-label\" class=\"forminator-label\">Funktion <span class=\"forminator-required\">*<\/span><\/label><input type=\"text\" name=\"text-3\" value=\"\" placeholder=\"Lehrkraft, Fachleitung, Schulleitung etc.\" id=\"forminator-field-text-3_69f0c6e8b4e5b\" class=\"forminator-input forminator-name--field\" data-required=\"1\" \/><\/div><\/div><\/div><div class=\"forminator-row\"><div id=\"text-1\" class=\"forminator-field-text forminator-col forminator-col-12 \"><div class=\"forminator-field\"><label for=\"forminator-field-text-1_69f0c6e8b4e5b\" id=\"forminator-field-text-1_69f0c6e8b4e5b-label\" class=\"forminator-label\">Land <span class=\"forminator-required\">*<\/span><\/label><input type=\"text\" name=\"text-1\" value=\"\" placeholder=\"\" id=\"forminator-field-text-1_69f0c6e8b4e5b\" class=\"forminator-input forminator-name--field\" data-required=\"1\" \/><\/div><\/div><\/div><div class=\"forminator-row\"><div id=\"checkbox-1\" class=\"forminator-field-checkbox forminator-col forminator-col-12 \"><div role=\"group\" class=\"forminator-field required\" aria-labelledby=\"forminator-checkbox-group-forminator-field-checkbox-1-69f0c6e8b4e5b-label\"><span id=\"forminator-checkbox-group-forminator-field-checkbox-1-69f0c6e8b4e5b-label\" class=\"forminator-label\">\u2022 Gew\u00fcnschte Module <span class=\"forminator-required\">*<\/span><\/span><label id=\"forminator-field-checkbox-1-1-69f0c6e8b4e5b-label\" for=\"forminator-field-checkbox-1-1-69f0c6e8b4e5b\" class=\"forminator-checkbox\" title=\"MintiCity Online\"><input type=\"checkbox\" name=\"checkbox-1[]\" value=\"service-1\" id=\"forminator-field-checkbox-1-1-69f0c6e8b4e5b\" aria-labelledby=\"forminator-field-checkbox-1-1-69f0c6e8b4e5b-label\" data-calculation=\"0\"  \/><span class=\"forminator-checkbox-box\" aria-hidden=\"true\"><\/span><span class=\"forminator-checkbox-label\">MintiCity Online<\/span><\/label><label id=\"forminator-field-checkbox-1-2-69f0c6e8b4e5b-label\" for=\"forminator-field-checkbox-1-2-69f0c6e8b4e5b\" class=\"forminator-checkbox\" title=\"Arbeitshefte &amp; Printmaterialien\"><input type=\"checkbox\" name=\"checkbox-1[]\" value=\"service-2\" id=\"forminator-field-checkbox-1-2-69f0c6e8b4e5b\" aria-labelledby=\"forminator-field-checkbox-1-2-69f0c6e8b4e5b-label\" data-calculation=\"0\"  \/><span class=\"forminator-checkbox-box\" aria-hidden=\"true\"><\/span><span class=\"forminator-checkbox-label\">Arbeitshefte &amp; Printmaterialien<\/span><\/label><\/div><\/div><\/div><div class=\"forminator-row\"><div id=\"text-4\" class=\"forminator-field-text forminator-col forminator-col-12 \"><div class=\"forminator-field\"><label for=\"forminator-field-text-4_69f0c6e8b4e5b\" id=\"forminator-field-text-4_69f0c6e8b4e5b-label\" class=\"forminator-label\">Anzahl der Lernenden im Fach Deutsch<\/label><input type=\"text\" name=\"text-4\" value=\"\" placeholder=\"\" id=\"forminator-field-text-4_69f0c6e8b4e5b\" class=\"forminator-input forminator-name--field\" data-required=\"\" \/><\/div><\/div><\/div><div class=\"forminator-row\"><div id=\"textarea-2\" class=\"forminator-field-textarea forminator-col forminator-col-12 \"><div class=\"forminator-field\"><label for=\"forminator-field-textarea-2_69f0c6e8b4e5b\" id=\"forminator-field-textarea-2_69f0c6e8b4e5b-label\" class=\"forminator-label\">Unterrichtsinformationen (Stufen, Stundenumfang, Materialien)<\/label><textarea name=\"textarea-2\" placeholder=\"\" id=\"forminator-field-textarea-2_69f0c6e8b4e5b\" class=\"forminator-textarea\" rows=\"6\" style=\"min-height:140px;\" maxlength=\"1000\" ><\/textarea><span id=\"forminator-field-textarea-2_69f0c6e8b4e5b-description\" class=\"forminator-description\"><span data-limit=\"1000\" data-type=\"characters\" data-editor=\"\">0 \/ 1000<\/span><\/span><\/div><\/div><\/div><div class=\"forminator-row\"><div id=\"textarea-1\" class=\"forminator-field-textarea forminator-col forminator-col-12 \"><div class=\"forminator-field\"><label for=\"forminator-field-textarea-1_69f0c6e8b4e5b\" id=\"forminator-field-textarea-1_69f0c6e8b4e5b-label\" class=\"forminator-label\">Erg\u00e4nzende Hinweise oder Fragen<\/label><textarea name=\"textarea-1\" placeholder=\"\" id=\"forminator-field-textarea-1_69f0c6e8b4e5b\" class=\"forminator-textarea\" rows=\"6\" style=\"min-height:140px;\" maxlength=\"1000\" ><\/textarea><span id=\"forminator-field-textarea-1_69f0c6e8b4e5b-description\" class=\"forminator-description\"><span data-limit=\"1000\" data-type=\"characters\" data-editor=\"\">0 \/ 1000<\/span><\/span><\/div><\/div><\/div><div class=\"forminator-row\"><div id=\"checkbox-2\" class=\"forminator-field-checkbox forminator-col forminator-col-12 \"><div role=\"group\" class=\"forminator-field required\" aria-labelledby=\"forminator-checkbox-group-forminator-field-checkbox-2-69f0c6e8b4e5b-label\"><label id=\"forminator-field-checkbox-2-1-69f0c6e8b4e5b-label\" for=\"forminator-field-checkbox-2-1-69f0c6e8b4e5b\" class=\"forminator-checkbox\" title=\"\u2022\tZustimmung zu den Datenschutzhinweisen\"><input type=\"checkbox\" name=\"checkbox-2[]\" value=\"one\" id=\"forminator-field-checkbox-2-1-69f0c6e8b4e5b\" aria-labelledby=\"forminator-field-checkbox-2-1-69f0c6e8b4e5b-label\" data-calculation=\"0\"   data-hidden-behavior=\"zero\"\/><span class=\"forminator-checkbox-box\" aria-hidden=\"true\"><\/span><span class=\"forminator-checkbox-label\">\u2022\tZustimmung zu den Datenschutzhinweisen<\/span><\/label><\/div><\/div><\/div><input type=\"hidden\" name=\"referer_url\" value=\"\" \/><div class=\"forminator-row forminator-row-last\"><div class=\"forminator-col\"><div class=\"forminator-field\"><button class=\"forminator-button forminator-button-submit\"><span>Angebot anfordern<\/span><span aria-hidden=\"true\"><\/span><\/button><\/div><\/div><\/div><input type=\"hidden\" id=\"forminator_nonce\" name=\"forminator_nonce\" value=\"bdd985941b\" \/><input type=\"hidden\" name=\"_wp_http_referer\" value=\"\/de\/wp-json\/wp\/v2\/pages\/31028\" \/><input type=\"hidden\" name=\"form_id\" value=\"31043\"><input type=\"hidden\" name=\"page_id\" value=\"31028\"><input type=\"hidden\" name=\"form_type\" value=\"default\"><input type=\"hidden\" name=\"current_url\" value=\"https:\/\/global.minticity.com\/de\/angebotsanfrage-fuer-schulen-minticity-lizenzmodell\/\"><input type=\"hidden\" name=\"render_id\" value=\"0\"><input type=\"hidden\" name=\"action\" value=\"forminator_submit_form_custom-forms\"><\/form><\/div>\n\t\t\t\t\t\t<\/div>\n\t\t\t\t<\/div>\n\t\t\t\t\t<\/div>\n\t\t<\/div>\n\t\t\t\t\t<\/div>\n\t\t<\/section>\n\t\t\t\t<\/div>\n\t\t","protected":false},"excerpt":{"rendered":"<p>Ihre Schule hat bereits an einer MintiCity-Einf\u00fchrung teilgenommen oder die Plattform \u00fcber einen Testzugang kennengelernt?Dann k\u00f6nnen Sie \u00fcber dieses Formular ein individuell abgestimmtes Lizenzmodell und Angebot anfordern. &#x1f539; Noch keine Einf\u00fchrung oder Testphase durchgef\u00fchrt?\u2192 Hier klicken, um eine Online-Einf\u00fchrung und einen Testzugang anzufragen. Wie wir arbeiten: 1&#xfe0f;&#x20e3; BedarfsanalyseGemeinsam erfassen wir Ihre schulischen Rahmenbedingungen \u2013 etwa Altersgruppen, Lernendenzahlen, Stundenumfang und bisherige Materialien. 2&#xfe0f;&#x20e3; P\u00e4dagogische EmpfehlungAuf Basis dieser Daten entwickeln wir ein ma\u00dfgeschneidertes Lizenzmodell mit der optimalen Kombination aus digitalen Modulen, Arbeitsheften und Lehrerbegleitung. 3&#xfe0f;&#x20e3; Lizenzangebot &amp; Einf\u00fchrungSie erhalten ein transparentes Angebot mit einem individuell abgestimmten Lizenzmodell, das alle Leistungen umfasst: Plattformzugang, Fortbildung, p\u00e4dagogische Begleitung und technischen Support. Warum eine p\u00e4dagogische Angebotsberatung? Jede Schule arbeitet unter anderen Bedingungen.Damit MintiCity bestm\u00f6glich in Ihre Schulrealit\u00e4t passt, ber\u00fccksichtigen wir: Klassengr\u00f6\u00dfen und Heterogenit\u00e4t Sprachf\u00f6rderbedarf (DaZ \/ DaF) technische Ausstattung gew\u00fcnschte Begleitung und Schulung So entsteht ein realistischer, nachhaltiger Einsatzplan \u2013 abgestimmt auf Ihr Kollegium und Ihre Lernenden.<\/p>\n","protected":false},"author":5,"featured_media":0,"parent":0,"menu_order":0,"comment_status":"closed","ping_status":"closed","template":"elementor_header_footer","meta":{"ocean_post_layout":"","ocean_both_sidebars_style":"","ocean_both_sidebars_content_width":0,"ocean_both_sidebars_sidebars_width":0,"ocean_sidebar":"0","ocean_second_sidebar":"0","ocean_disable_margins":"enable","ocean_add_body_class":"","ocean_shortcode_before_top_bar":"","ocean_shortcode_after_top_bar":"","ocean_shortcode_before_header":"","ocean_shortcode_after_header":"","ocean_has_shortcode":"","ocean_shortcode_after_title":"","ocean_shortcode_before_footer_widgets":"","ocean_shortcode_after_footer_widgets":"","ocean_shortcode_before_footer_bottom":"","ocean_shortcode_after_footer_bottom":"","ocean_display_top_bar":"default","ocean_display_header":"default","ocean_header_style":"","ocean_center_header_left_menu":"0","ocean_custom_header_template":"0","ocean_custom_logo":0,"ocean_custom_retina_logo":0,"ocean_custom_logo_max_width":0,"ocean_custom_logo_tablet_max_width":0,"ocean_custom_logo_mobile_max_width":0,"ocean_custom_logo_max_height":0,"ocean_custom_logo_tablet_max_height":0,"ocean_custom_logo_mobile_max_height":0,"ocean_header_custom_menu":"0","ocean_menu_typo_font_family":"0","ocean_menu_typo_font_subset":"","ocean_menu_typo_font_size":0,"ocean_menu_typo_font_size_tablet":0,"ocean_menu_typo_font_size_mobile":0,"ocean_menu_typo_font_size_unit":"px","ocean_menu_typo_font_weight":"","ocean_menu_typo_font_weight_tablet":"","ocean_menu_typo_font_weight_mobile":"","ocean_menu_typo_transform":"","ocean_menu_typo_transform_tablet":"","ocean_menu_typo_transform_mobile":"","ocean_menu_typo_line_height":0,"ocean_menu_typo_line_height_tablet":0,"ocean_menu_typo_line_height_mobile":0,"ocean_menu_typo_line_height_unit":"","ocean_menu_typo_spacing":0,"ocean_menu_typo_spacing_tablet":0,"ocean_menu_typo_spacing_mobile":0,"ocean_menu_typo_spacing_unit":"","ocean_menu_link_color":"","ocean_menu_link_color_hover":"","ocean_menu_link_color_active":"","ocean_menu_link_background":"","ocean_menu_link_hover_background":"","ocean_menu_link_active_background":"","ocean_menu_social_links_bg":"","ocean_menu_social_hover_links_bg":"","ocean_menu_social_links_color":"","ocean_menu_social_hover_links_color":"","ocean_disable_title":"default","ocean_disable_heading":"default","ocean_post_title":"","ocean_post_subheading":"","ocean_post_title_style":"","ocean_post_title_background_color":"","ocean_post_title_background":0,"ocean_post_title_bg_image_position":"","ocean_post_title_bg_image_attachment":"","ocean_post_title_bg_image_repeat":"","ocean_post_title_bg_image_size":"","ocean_post_title_height":0,"ocean_post_title_bg_overlay":0.5,"ocean_post_title_bg_overlay_color":"","ocean_disable_breadcrumbs":"off","ocean_breadcrumbs_color":"","ocean_breadcrumbs_separator_color":"","ocean_breadcrumbs_links_color":"","ocean_breadcrumbs_links_hover_color":"","ocean_display_footer_widgets":"default","ocean_display_footer_bottom":"default","ocean_custom_footer_template":"0","footnotes":""},"class_list":["post-31028","page","type-page","status-publish","hentry","entry"],"_links":{"self":[{"href":"https:\/\/global.minticity.com\/de\/wp-json\/wp\/v2\/pages\/31028","targetHints":{"allow":["GET"]}}],"collection":[{"href":"https:\/\/global.minticity.com\/de\/wp-json\/wp\/v2\/pages"}],"about":[{"href":"https:\/\/global.minticity.com\/de\/wp-json\/wp\/v2\/types\/page"}],"author":[{"embeddable":true,"href":"https:\/\/global.minticity.com\/de\/wp-json\/wp\/v2\/users\/5"}],"replies":[{"embeddable":true,"href":"https:\/\/global.minticity.com\/de\/wp-json\/wp\/v2\/comments?post=31028"}],"version-history":[{"count":41,"href":"https:\/\/global.minticity.com\/de\/wp-json\/wp\/v2\/pages\/31028\/revisions"}],"predecessor-version":[{"id":32796,"href":"https:\/\/global.minticity.com\/de\/wp-json\/wp\/v2\/pages\/31028\/revisions\/32796"}],"wp:attachment":[{"href":"https:\/\/global.minticity.com\/de\/wp-json\/wp\/v2\/media?parent=31028"}],"curies":[{"name":"wp","href":"https:\/\/api.w.org\/{rel}","templated":true}]}}